{"id":1292,"date":"2022-02-07T11:52:53","date_gmt":"2022-02-07T10:52:53","guid":{"rendered":"https:\/\/florinesoikacoaching.fr\/coaching\/?page_id=1292"},"modified":"2024-03-25T13:36:12","modified_gmt":"2024-03-25T12:36:12","slug":"mentions-legales-et-cgu","status":"publish","type":"page","link":"https:\/\/florinesoikacoaching.fr\/coaching\/index.php\/mentions-legales-et-cgu\/","title":{"rendered":"Mentions l\u00e9gales et CGU"},"content":{"rendered":"\n<h2 class=\"wp-block-heading\" id=\"mentions-legales\">Mentions L\u00e9gales<\/h2>\n\n\n\n<h3 class=\"wp-block-heading\" id=\"editeur\">\u00c9diteur<\/h3>\n\n\n\n<ul class=\"wp-block-list\">\n<li>D\u00e9nomination sociale : Florine Soika Coaching<\/li>\n\n\n\n<li>Si\u00e8ge social :\u00a0Florine Soika Coaching, 12 rue du petit bois, 59139 Wattignies<\/li>\n\n\n\n<li>Siret :&nbsp;905 386 728 00018<\/li>\n\n\n\n<li>RCS :&nbsp;905 386 728<\/li>\n\n\n\n<li>Courrier \u00e9lectronique&nbsp;: florine.soika3@gmail.com<\/li>\n\n\n\n<li>T\u00e9l\u00e9phone&nbsp;: 06 26 36 38 74<\/li>\n\n\n\n<li>Num\u00e9ro d\u2019autorisation d\u2019autres services \u00e0 la personne&nbsp;:&nbsp;9609Z<\/li>\n\n\n\n<li>contrat d\u2019assurance : MMA PRO PME n\u00b0&nbsp;000000147617571<\/li>\n<\/ul>\n\n\n\n<h3 class=\"wp-block-heading\" id=\"hebergeur\">H\u00e9bergeur<\/h3>\n\n\n\n<ul class=\"wp-block-list\">\n<li>D\u00e9nomination sociale : OVH<\/li>\n\n\n\n<li>Site Internet&nbsp;: www.ovh.com<\/li>\n\n\n\n<li>Si\u00e8ge social : 2 rue Kellermann, 59100 Roubaix, France<\/li>\n\n\n\n<li>Num\u00e9ro de t\u00e9l\u00e9phone&nbsp;: 0820 698 765<\/li>\n<\/ul>\n\n\n\n<h3 class=\"wp-block-heading\" id=\"autres-mentions-legales\">Autres mentions l\u00e9gales<\/h3>\n\n\n\n<ul class=\"wp-block-list\">\n<li>Webmaster du site : gregory.marliere@gmail.com<\/li>\n\n\n\n<li>Cr\u00e9dits Photos : Copyright \u00a9&nbsp;Margaux Destombes<\/li>\n<\/ul>\n\n\n\n<h2 class=\"wp-block-heading\" id=\"conditions-generales-d-utilisation-du-site\">Conditions g\u00e9n\u00e9rales d\u2019utilisation du Site<\/h2>\n\n\n\n<p>Les pr\u00e9sentes conditions g\u00e9n\u00e9rales d\u2019utilisation (\u00ab&nbsp;CGU\u00bb) ont pour objet de d\u00e9finir les modalit\u00e9s et conditions dans lesquelles Florine Soika Coaching met \u00e0 la disposition de ses utilisateurs (les \u00ab&nbsp;Utilisateurs&nbsp;\u00bb) un site Internet \u00e0 l\u2019adresse URL www.florinesoikacoaching.fr (le \u00ab&nbsp;Site&nbsp;\u00bb) et les services disponibles sur le Site et la mani\u00e8re par laquelle l\u2019Utilisateur acc\u00e8de au Site et utilise ses services.<br>Toute connexion au Site est subordonn\u00e9e au respect des pr\u00e9sentes conditions.<\/p>\n\n\n\n<p><br>Le simple acc\u00e8s au Site par un Utilisateur implique son acceptation \u00e0 l\u2019ensemble des conditions d\u00e9crites ci-apr\u00e8s.<br>Dans le cas o\u00f9 l\u2019Utilisateur ne souhaiterait pas accepter tout ou partie des pr\u00e9sentes CGU, il lui est demand\u00e9 de renoncer imm\u00e9diatement \u00e0 tout usage du Site.<\/p>\n\n\n\n<p><br>Florine Soika Coaching se r\u00e9serve le droit de refuser l\u2019acc\u00e8s \u00e0 tout ou partie du Site, unilat\u00e9ralement et sans notification pr\u00e9alable, \u00e0 tout Utilisateur ne respectant pas les pr\u00e9sentes CGU.<\/p>\n\n\n\n<h3 class=\"wp-block-heading\" id=\"acces-au-site\">Acc\u00e8s au site<\/h3>\n\n\n\n<p><br>Le Site est accessible gratuitement \u00e0 tout Utilisateur disposant d\u2019un acc\u00e8s \u00e0 Internet. Tous les co\u00fbts aff\u00e9rents \u00e0 l\u2019acc\u00e8s au Site, que ce soient les frais mat\u00e9riels, logiciels ou d\u2019acc\u00e8s \u00e0 Internet sont exclusivement \u00e0 la charge de l\u2019Utilisateur. L\u2019Utilisateur est seul responsable du bon fonctionnement de son \u00e9quipement informatique ainsi que de son acc\u00e8s \u00e0 Internet.<\/p>\n\n\n\n<p><br>Florine Soika Coaching ne peut garantir une disponibilit\u00e9 du Site et\/ou de ses services, une fiabilit\u00e9 des transmissions et des performances en terme de temps de r\u00e9ponse ou de qualit\u00e9. Il n\u2019est pr\u00e9vu aucune assistance technique vis \u00e0 vis de l\u2019Utilisateur que ce soit par des moyens \u00e9lectroniques ou t\u00e9l\u00e9phoniques.<\/p>\n\n\n\n<p><br>Florine Soika Coaching s\u2019efforce de permettre l\u2019acc\u00e8s au site 24 heures sur 24, 7 jours sur 7, sauf en cas de force majeure ou d\u2019un \u00e9v\u00e9nement hors du contr\u00f4le de Florine Soika Coaching, et sous r\u00e9serve des \u00e9ventuelles pannes et interventions de maintenance n\u00e9cessaires au bon fonctionnement du Site et\/ou des services.<\/p>\n\n\n\n<p><br>Par ailleurs, Florine Soika Coaching peut \u00eatre amen\u00e9 \u00e0 interrompre le Site ou une partie des services, \u00e0 tout moment sans pr\u00e9avis, le tout sans droit \u00e0 indemnit\u00e9. L\u2019Utilisateur reconna\u00eet et accepte que Florine Soika Coaching n\u2019est pas responsable des interruptions, et des cons\u00e9quences qui peuvent en d\u00e9couler pour l\u2019Utilisateur ou tout tiers.<\/p>\n\n\n\n<p><br>La responsabilit\u00e9 de Florine Soika Coaching ne saurait \u00eatre engag\u00e9e en cas d\u2019impossibilit\u00e9 d\u2019acc\u00e8s au Site et\/ou d\u2019utilisation de ses services. Florine Soika Coaching ne peut, en outre, \u00eatre tenue responsable de tout dysfonctionnement du r\u00e9seau ou des serveurs ou de tout autre \u00e9v\u00e9nement \u00e9chappant \u00e0 son contr\u00f4le raisonnable, qui emp\u00eacherait ou d\u00e9graderait l\u2019acc\u00e8s au Site.<\/p>\n\n\n\n<p><br>Florine Soika Coaching ne saurait \u00eatre tenue responsable de tout dommage, mat\u00e9riel ou immat\u00e9riel caus\u00e9 aux \u00e9quipements informatiques de l\u2019Utilisateur et aux donn\u00e9es qui y sont stock\u00e9es, ni des cons\u00e9quences pouvant en d\u00e9couler sur son activit\u00e9 personnelle, professionnelle ou commerciale.<\/p>\n\n\n\n<h3 class=\"wp-block-heading\" id=\"donnees-personnelles\">Donn\u00e9es personnelles<\/h3>\n\n\n\n<p><br>Si l\u2019Utilisateur fourni des donn\u00e9es personnelles, elles seront conserv\u00e9es par Florine Soika Coaching au maximum deux (2) ann\u00e9es. L\u2019unique destinataire de ces donn\u00e9es est Florine Soika Coaching.<br>Conform\u00e9ment \u00e0 la loi \u00ab&nbsp;informatique et libert\u00e9s \u00bb du 6 janvier 1978 modifi\u00e9e en 2004, l\u2019Utilisateur b\u00e9n\u00e9ficie d\u2019un droit d\u2019acc\u00e8s et de rectification aux informations qui le concernent. L\u2019Utilisateur peut, pour des motifs l\u00e9gitimes, s\u2019opposer au traitement des donn\u00e9es le concernant.<\/p>\n\n\n\n<p><br>Chaque Utilisateur pourra exercer son droit d\u2019acc\u00e8s, d\u2019opposition et de rectification en adressant une lettre simple \u00e0 Florine Soika Coaching,6 rue all\u00e9e de l\u2019orangerie, Appt B31, 59139 Wattignies ou un courrier \u00e9lectronique \u00e0 l\u2019adresse florine.soika3@gmail.com.<\/p>\n\n\n\n<p><br>L\u2019Utilisateur pourra \u00e9galement s\u2019opposer \u00e0 l\u2019utilisation de ses donn\u00e9es personnelles \u00e0 des fins de communication commerciale par courrier \u00e9lectronique en utilisant le lien ad hoc qui figure sur chaque message \u00e9lectronique envoy\u00e9.<\/p>\n\n\n\n<p><br>L\u2019opposition d\u2019un Utilisateur \u00e0 l\u2019utilisation de ses donn\u00e9es personnelles dans le cadre de communications commerciales a pour cons\u00e9quence de le priver de l\u2019information concernant les offres commerciales de Florine Soika Coaching, de soci\u00e9t\u00e9s affili\u00e9es ou de partenaires.<\/p>\n\n\n\n<h3 class=\"wp-block-heading\" id=\"propriete-intellectuelle\">Propri\u00e9t\u00e9 intellectuelle<\/h3>\n\n\n\n<p>La structure g\u00e9n\u00e9rale du Site, ainsi que les textes, graphiques, images, sons et&nbsp; vid\u00e9os la composant, sont la propri\u00e9t\u00e9 de Florine Soika Coaching. Toute repr\u00e9sentation et\/ou reproduction et\/ou exploitation partielle ou totale des contenus et services propos\u00e9s par le Site, par quelque proc\u00e9d\u00e9 que ce soit, sans l\u2019autorisation pr\u00e9alable et par \u00e9crit de&nbsp;Florine Soika Coaching et serait susceptible de constituer une contrefa\u00e7on au sens des articles L 335-2 et suivants du Code de la propri\u00e9t\u00e9 intellectuelle.<\/p>\n\n\n\n<p><br>La marque \u00ab&nbsp;Florine Soika Coaching&nbsp;\u00bb est une marque d\u00e9pos\u00e9e par Florine Soika Coaching. Toute repr\u00e9sentation et\/ou reproduction et\/ou exploitation partielle ou totale de cette marque, de quelque nature que ce soit, est totalement prohib\u00e9e.<\/p>\n\n\n\n<p><br>Aucune reproduction, m\u00eame partielle pr\u00e9vue \u00e0 l\u2019article L.122-5 du Code de la propri\u00e9t\u00e9 intellectuelle, ne peut \u00eatre faite de ce site sans l\u2019autorisation du directeur de publication.<\/p>\n\n\n\n<h3 class=\"wp-block-heading\" id=\"liens-hypertexte\">Liens hypertexte<\/h3>\n\n\n\n<p><br>Le Site peut contenir des liens hypertextes vers d\u2019autres sites Internet. Dans la mesure o\u00f9 aucun contr\u00f4le n\u2019est exerc\u00e9 sur ces ressources externes, l\u2019Utilisateur reconna\u00eet que Florine Soika Coaching n\u2019assume aucune responsabilit\u00e9 relative \u00e0 la mise \u00e0 disposition de ces ressources, et ne peut \u00eatre tenue responsable quant \u00e0 leur contenu.<br>Il est possible de cr\u00e9er un lien vers la page de pr\u00e9sentation du Site sans autorisation expresse de Florine Soika Coaching. Il convient toutefois d\u2019afficher le Site dans une nouvelle fen\u00eatre du navigateur. Les sites Internet pr\u00e9sentant un lien hypertexte avec le pr\u00e9sent Site ne sont pas sous le contr\u00f4le de Florine Soika Coaching qui d\u00e9cline toute responsabilit\u00e9 quant \u00e0 leur contenu. Florine Soika Coaching se r\u00e9serve le droit de demander la suppression d\u2019un lien qu\u2019il estime non conforme \u00e0 l\u2019objet du Site.<br>Informations<br>Les informations et\/ou documents figurant sur le Site et\/ou accessibles par le Site proviennent de sources consid\u00e9r\u00e9es comme \u00e9tant fiables. Toutefois, ces informations et\/ou documents sont susceptibles de contenir des inexactitudes techniques et des erreurs typographiques.<br>Florine Soika Coaching se r\u00e9serve le droit de les corriger, d\u00e8s que ces erreurs sont port\u00e9es \u00e0 sa connaissance. A ce titre, les informations et\/ou documents disponibles sur le Site sont susceptibles d\u2019\u00eatre modifi\u00e9s \u00e0 tout moment, et peuvent avoir fait l\u2019objet de mises \u00e0 jour. En particulier, ils peuvent avoir fait l\u2019objet d\u2019une mise \u00e0 jour entre le moment de leur t\u00e9l\u00e9chargement et celui o\u00f9 l\u2019Utilisateur en prend connaissance.<br>Les informations et documents disponibles sur le Site sont pr\u00e9sent\u00e9s \u00e0 titre indicatif et g\u00e9n\u00e9ral et ne peuvent \u00eatre assimil\u00e9s \u00e0 des conseils. Il est fortement recommand\u00e9 de v\u00e9rifier l\u2019exactitude et la pertinence des informations et\/ou documents mis \u00e0 disposition sur le Site.<br>L\u2019utilisation des informations et\/ou des documents disponibles sur le Site se fait sous l\u2019enti\u00e8re et seule responsabilit\u00e9 de l\u2019Utilisateur, qui assume la totalit\u00e9 des cons\u00e9quences pouvant en d\u00e9couler, sans que la responsabilit\u00e9 de Florine Soika Coaching puisse \u00eatre recherch\u00e9e \u00e0 ce titre et sans recours contre cette derni\u00e8re.<\/p>\n\n\n\n<p><br>Florine Soika Coaching ne pourra en aucun cas \u00eatre tenue responsable de tout dommage de quelque nature qu\u2019il soit r\u00e9sultant de l\u2019interpr\u00e9tation ou de l\u2019utilisation des informations et\/ou documents disponibles sur le Site.<\/p>\n\n\n\n<h3 class=\"wp-block-heading\" id=\"regles-d-usage-d-internet\">R\u00e8gles d&rsquo;usage d&rsquo;internet<\/h3>\n\n\n\n<p>L\u2019Utilisateur d\u00e9clare accepter les caract\u00e9ristiques et les limites d\u2019Internet, et reconna\u00eet notamment que&nbsp;:<\/p>\n\n\n\n<p>1. Florine Soika Coaching n\u2019assume aucune responsabilit\u00e9 sur les services accessibles par Internet et n\u2019exerce aucun contr\u00f4le de quelque forme que ce soit sur la nature et les caract\u00e9ristiques des donn\u00e9es qui pourraient transiter par l\u2019interm\u00e9diaire de son centre serveur&nbsp;;<\/p>\n\n\n\n<p>2. les donn\u00e9es circulant sur Internet ne sont pas prot\u00e9g\u00e9es notamment contre les d\u00e9tournements \u00e9ventuels&nbsp;;<\/p>\n\n\n\n<p>3. la communication de toute information jug\u00e9e par l\u2019Utilisateur de nature sensible ou confidentielle se fait \u00e0 ses risques et p\u00e9rils&nbsp;;<\/p>\n\n\n\n<p>4. les donn\u00e9es circulant sur Internet peuvent \u00eatre r\u00e9glement\u00e9es en termes d\u2019usage ou \u00eatre prot\u00e9g\u00e9es par un droit de propri\u00e9t\u00e9&nbsp;;<\/p>\n\n\n\n<p>5. l\u2019Utilisateur est seul responsable de l\u2019usage des donn\u00e9es qu\u2019il consulte, interroge et transf\u00e8re sur Internet&nbsp;;<\/p>\n\n\n\n<p>6. Florine Soika Coaching ne dispose d\u2019aucun moyen de contr\u00f4le sur le contenu des services accessibles sur Internet. Florine Soika Coaching ne peut \u00eatre tenue responsable des dommages de toute nature, direct ou indirect r\u00e9sultant du contenu et\/ou de l\u2019acc\u00e8s et\/ou de l\u2019utilisation du Site incluant notamment mais non limitativement toute perte d\u2019exploitation, perte de programme, perte de donn\u00e9es, toute d\u00e9t\u00e9rioration ou virus qui pourraient infecter l\u2019\u00e9quipement informatique ou tout autre bien de l\u2019Utilisateur du Site.<\/p>\n\n\n\n<p>7. Florine Soika Coaching n\u2019est pas responsable des probl\u00e8mes techniques ou autres rendant l\u2019acc\u00e8s au Site difficile, al\u00e9atoire voire impossible et ce quelles qu\u2019en soient la cause et l\u2019origine.<\/p>\n\n\n\n<h3 class=\"wp-block-heading\" id=\"responsabilite-de-l-utilisateur\">Responsabilit\u00e9 de l&rsquo;utilisateur<\/h3>\n\n\n\n<p>L\u2019Utilisateur est responsable de tout dommage direct ou indirect caus\u00e9 \u00e0 tous tiers et \u00e0 Florine Soika Coaching du fait de l\u2019utilisation ou de l\u2019exploitation illicite du Site lui-m\u00eame ou de l\u2019un de ses \u00e9l\u00e9ments et des cons\u00e9quences des r\u00e9clamations ou actions judiciaires dont il pourrait, de ce fait, faire l\u2019objet.<\/p>\n\n\n\n<h3 class=\"wp-block-heading\" id=\"modification-des-cgu\">Modification des CGU<\/h3>\n\n\n\n<p>Florine Soika Coaching se r\u00e9serve la possibilit\u00e9 de modifier, \u00e0 tout moment et sans pr\u00e9avis, les pr\u00e9sentes CGU afin de les adapter aux \u00e9volutions du Site et\/ou de son exploitation.<\/p>\n\n\n\n<h3 class=\"wp-block-heading\" id=\"droit-applicable-et-tribunal-competent\">Droit applicable et tribunal comp\u00e9tent<\/h3>\n\n\n\n<p><\/p>\n\n\n\n<p>Les pr\u00e9sentes CGU sont r\u00e9gies par le droit fran\u00e7ais, quel que soit le lieu d\u2019utilisation du Site. Les diff\u00e9rends qui viendraient \u00e0 se produire \u00e0 propos de la validit\u00e9, de l\u2019interpr\u00e9tation, de l\u2019ex\u00e9cution ou de l\u2019inex\u00e9cution, de l\u2019interruption ou de la r\u00e9siliation du Contrat, seront soumis \u00e0 la m\u00e9diation conform\u00e9ment au r\u00e8glement de m\u00e9diation du CMAP \u2013 Centre de m\u00e9diation et d\u2019arbitrage de Paris \u2013 pr\u00e8s le Chambre de commerce et d\u2019industrie de Paris Ile-de-France, dont les Parties ont eu connaissance et auquel elles d\u00e9clarent adh\u00e9rer. Dans l\u2019hypoth\u00e8se d\u2019un \u00e9chec de la m\u00e9diation, les diff\u00e9rends seront port\u00e9s devant les tribunaux fran\u00e7ais comp\u00e9tents.<\/p>\n\n\n\n<h3 class=\"wp-block-heading\" id=\"contacts\">Contacts<\/h3>\n\n\n\n<p>Pour toute question relative au Site, aux mentions l\u00e9gales et aux pr\u00e9sentes CGU, les Utilisateurs peuvent nous \u00e9crire en adressant une lettre simple \u00e0 Florine Soika Coaching ,12 rue du petit bois, 59139 Wattignies ou un courrier \u00e9lectronique \u00e0 l\u2019adresse florine.soika3@gmail.com.<\/p>\n","protected":false},"excerpt":{"rendered":"<p>Mentions L\u00e9gales \u00c9diteur H\u00e9bergeur Autres mentions l\u00e9gales Conditions g\u00e9n\u00e9rales d\u2019utilisation du Site Les pr\u00e9sentes conditions g\u00e9n\u00e9rales d\u2019utilisation (\u00ab&nbsp;CGU\u00bb) ont pour objet de d\u00e9finir les modalit\u00e9s et conditions dans lesquelles Florine Soika Coaching met \u00e0 la disposition de ses utilisateurs (les \u00ab&nbsp;Utilisateurs&nbsp;\u00bb) un site Internet \u00e0 l\u2019adresse URL www.florinesoikacoaching.fr (le \u00ab&nbsp;Site&nbsp;\u00bb) et les services disponibles sur <a class=\"more-link\" href=\"https:\/\/florinesoikacoaching.fr\/coaching\/index.php\/mentions-legales-et-cgu\/\">la suite&#8230; <i class=\"fa fa-chevron-right\"><\/i><\/a><\/p>\n","protected":false},"author":1,"featured_media":0,"parent":0,"menu_order":0,"comment_status":"closed","ping_status":"closed","template":"","meta":{"footnotes":""},"class_list":["post-1292","page","type-page","status-publish","hentry"],"yoast_head":"<!-- This site is optimized with the Yoast SEO plugin v27.5 - https:\/\/yoast.com\/product\/yoast-seo-wordpress\/ -->\n<title>Mentions l\u00e9gales et CGU - FS Coaching<\/title>\n<meta name=\"robots\" content=\"index, follow, max-snippet:-1, max-image-preview:large, max-video-preview:-1\" \/>\n<link rel=\"canonical\" href=\"https:\/\/florinesoikacoaching.fr\/coaching\/index.php\/mentions-legales-et-cgu\/\" \/>\n<meta property=\"og:locale\" content=\"fr_FR\" \/>\n<meta property=\"og:type\" content=\"article\" \/>\n<meta property=\"og:title\" content=\"Mentions l\u00e9gales et CGU - FS Coaching\" \/>\n<meta property=\"og:description\" content=\"Mentions L\u00e9gales \u00c9diteur H\u00e9bergeur Autres mentions l\u00e9gales Conditions g\u00e9n\u00e9rales d\u2019utilisation du Site Les pr\u00e9sentes conditions g\u00e9n\u00e9rales d\u2019utilisation (\u00ab&nbsp;CGU\u00bb) ont pour objet de d\u00e9finir les modalit\u00e9s et conditions dans lesquelles Florine Soika Coaching met \u00e0 la disposition de ses utilisateurs (les \u00ab&nbsp;Utilisateurs&nbsp;\u00bb) un site Internet \u00e0 l\u2019adresse URL www.florinesoikacoaching.fr (le \u00ab&nbsp;Site&nbsp;\u00bb) et les services disponibles sur la suite...\" \/>\n<meta property=\"og:url\" content=\"https:\/\/florinesoikacoaching.fr\/coaching\/index.php\/mentions-legales-et-cgu\/\" \/>\n<meta property=\"og:site_name\" content=\"FS Coaching\" \/>\n<meta property=\"article:publisher\" content=\"https:\/\/www.facebook.com\/profile.php?id=100075663504522\" \/>\n<meta property=\"article:modified_time\" content=\"2024-03-25T12:36:12+00:00\" \/>\n<meta name=\"twitter:card\" content=\"summary_large_image\" \/>\n<meta name=\"twitter:label1\" content=\"Dur\u00e9e de lecture estim\u00e9e\" \/>\n\t<meta name=\"twitter:data1\" content=\"9 minutes\" \/>\n<script type=\"application\/ld+json\" class=\"yoast-schema-graph\">{\"@context\":\"https:\\\/\\\/schema.org\",\"@graph\":[{\"@type\":\"WebPage\",\"@id\":\"https:\\\/\\\/florinesoikacoaching.fr\\\/coaching\\\/index.php\\\/mentions-legales-et-cgu\\\/\",\"url\":\"https:\\\/\\\/florinesoikacoaching.fr\\\/coaching\\\/index.php\\\/mentions-legales-et-cgu\\\/\",\"name\":\"Mentions l\u00e9gales et CGU - FS Coaching\",\"isPartOf\":{\"@id\":\"https:\\\/\\\/florinesoikacoaching.fr\\\/coaching\\\/#website\"},\"datePublished\":\"2022-02-07T10:52:53+00:00\",\"dateModified\":\"2024-03-25T12:36:12+00:00\",\"breadcrumb\":{\"@id\":\"https:\\\/\\\/florinesoikacoaching.fr\\\/coaching\\\/index.php\\\/mentions-legales-et-cgu\\\/#breadcrumb\"},\"inLanguage\":\"fr-FR\",\"potentialAction\":[{\"@type\":\"ReadAction\",\"target\":[\"https:\\\/\\\/florinesoikacoaching.fr\\\/coaching\\\/index.php\\\/mentions-legales-et-cgu\\\/\"]}]},{\"@type\":\"BreadcrumbList\",\"@id\":\"https:\\\/\\\/florinesoikacoaching.fr\\\/coaching\\\/index.php\\\/mentions-legales-et-cgu\\\/#breadcrumb\",\"itemListElement\":[{\"@type\":\"ListItem\",\"position\":1,\"name\":\"Accueil\",\"item\":\"https:\\\/\\\/florinesoikacoaching.fr\\\/coaching\\\/\"},{\"@type\":\"ListItem\",\"position\":2,\"name\":\"Mentions l\u00e9gales et CGU\"}]},{\"@type\":\"WebSite\",\"@id\":\"https:\\\/\\\/florinesoikacoaching.fr\\\/coaching\\\/#website\",\"url\":\"https:\\\/\\\/florinesoikacoaching.fr\\\/coaching\\\/\",\"name\":\"FS Coaching\",\"description\":\"Coaching Sportif Particuliers et entreprises \u00e0 Lille\",\"publisher\":{\"@id\":\"https:\\\/\\\/florinesoikacoaching.fr\\\/coaching\\\/#organization\"},\"potentialAction\":[{\"@type\":\"SearchAction\",\"target\":{\"@type\":\"EntryPoint\",\"urlTemplate\":\"https:\\\/\\\/florinesoikacoaching.fr\\\/coaching\\\/?s={search_term_string}\"},\"query-input\":{\"@type\":\"PropertyValueSpecification\",\"valueRequired\":true,\"valueName\":\"search_term_string\"}}],\"inLanguage\":\"fr-FR\"},{\"@type\":\"Organization\",\"@id\":\"https:\\\/\\\/florinesoikacoaching.fr\\\/coaching\\\/#organization\",\"name\":\"Florine Soika Coaching\",\"url\":\"https:\\\/\\\/florinesoikacoaching.fr\\\/coaching\\\/\",\"logo\":{\"@type\":\"ImageObject\",\"inLanguage\":\"fr-FR\",\"@id\":\"https:\\\/\\\/florinesoikacoaching.fr\\\/coaching\\\/#\\\/schema\\\/logo\\\/image\\\/\",\"url\":\"https:\\\/\\\/florinesoikacoaching.fr\\\/coaching\\\/wp-content\\\/uploads\\\/2022\\\/01\\\/LogoSFcouleur100.png\",\"contentUrl\":\"https:\\\/\\\/florinesoikacoaching.fr\\\/coaching\\\/wp-content\\\/uploads\\\/2022\\\/01\\\/LogoSFcouleur100.png\",\"width\":150,\"height\":150,\"caption\":\"Florine Soika Coaching\"},\"image\":{\"@id\":\"https:\\\/\\\/florinesoikacoaching.fr\\\/coaching\\\/#\\\/schema\\\/logo\\\/image\\\/\"},\"sameAs\":[\"https:\\\/\\\/www.facebook.com\\\/profile.php?id=100075663504522\",\"https:\\\/\\\/www.instagram.com\\\/florine_soika_coaching_\\\/\",\"https:\\\/\\\/fr.linkedin.com\\\/in\\\/florine-soika-248266a3\"]}]}<\/script>\n<!-- \/ Yoast SEO plugin. -->","yoast_head_json":{"title":"Mentions l\u00e9gales et CGU - FS Coaching","robots":{"index":"index","follow":"follow","max-snippet":"max-snippet:-1","max-image-preview":"max-image-preview:large","max-video-preview":"max-video-preview:-1"},"canonical":"https:\/\/florinesoikacoaching.fr\/coaching\/index.php\/mentions-legales-et-cgu\/","og_locale":"fr_FR","og_type":"article","og_title":"Mentions l\u00e9gales et CGU - FS Coaching","og_description":"Mentions L\u00e9gales \u00c9diteur H\u00e9bergeur Autres mentions l\u00e9gales Conditions g\u00e9n\u00e9rales d\u2019utilisation du Site Les pr\u00e9sentes conditions g\u00e9n\u00e9rales d\u2019utilisation (\u00ab&nbsp;CGU\u00bb) ont pour objet de d\u00e9finir les modalit\u00e9s et conditions dans lesquelles Florine Soika Coaching met \u00e0 la disposition de ses utilisateurs (les \u00ab&nbsp;Utilisateurs&nbsp;\u00bb) un site Internet \u00e0 l\u2019adresse URL www.florinesoikacoaching.fr (le \u00ab&nbsp;Site&nbsp;\u00bb) et les services disponibles sur la suite...","og_url":"https:\/\/florinesoikacoaching.fr\/coaching\/index.php\/mentions-legales-et-cgu\/","og_site_name":"FS Coaching","article_publisher":"https:\/\/www.facebook.com\/profile.php?id=100075663504522","article_modified_time":"2024-03-25T12:36:12+00:00","twitter_card":"summary_large_image","twitter_misc":{"Dur\u00e9e de lecture estim\u00e9e":"9 minutes"},"schema":{"@context":"https:\/\/schema.org","@graph":[{"@type":"WebPage","@id":"https:\/\/florinesoikacoaching.fr\/coaching\/index.php\/mentions-legales-et-cgu\/","url":"https:\/\/florinesoikacoaching.fr\/coaching\/index.php\/mentions-legales-et-cgu\/","name":"Mentions l\u00e9gales et CGU - FS Coaching","isPartOf":{"@id":"https:\/\/florinesoikacoaching.fr\/coaching\/#website"},"datePublished":"2022-02-07T10:52:53+00:00","dateModified":"2024-03-25T12:36:12+00:00","breadcrumb":{"@id":"https:\/\/florinesoikacoaching.fr\/coaching\/index.php\/mentions-legales-et-cgu\/#breadcrumb"},"inLanguage":"fr-FR","potentialAction":[{"@type":"ReadAction","target":["https:\/\/florinesoikacoaching.fr\/coaching\/index.php\/mentions-legales-et-cgu\/"]}]},{"@type":"BreadcrumbList","@id":"https:\/\/florinesoikacoaching.fr\/coaching\/index.php\/mentions-legales-et-cgu\/#breadcrumb","itemListElement":[{"@type":"ListItem","position":1,"name":"Accueil","item":"https:\/\/florinesoikacoaching.fr\/coaching\/"},{"@type":"ListItem","position":2,"name":"Mentions l\u00e9gales et CGU"}]},{"@type":"WebSite","@id":"https:\/\/florinesoikacoaching.fr\/coaching\/#website","url":"https:\/\/florinesoikacoaching.fr\/coaching\/","name":"FS Coaching","description":"Coaching Sportif Particuliers et entreprises \u00e0 Lille","publisher":{"@id":"https:\/\/florinesoikacoaching.fr\/coaching\/#organization"},"potentialAction":[{"@type":"SearchAction","target":{"@type":"EntryPoint","urlTemplate":"https:\/\/florinesoikacoaching.fr\/coaching\/?s={search_term_string}"},"query-input":{"@type":"PropertyValueSpecification","valueRequired":true,"valueName":"search_term_string"}}],"inLanguage":"fr-FR"},{"@type":"Organization","@id":"https:\/\/florinesoikacoaching.fr\/coaching\/#organization","name":"Florine Soika Coaching","url":"https:\/\/florinesoikacoaching.fr\/coaching\/","logo":{"@type":"ImageObject","inLanguage":"fr-FR","@id":"https:\/\/florinesoikacoaching.fr\/coaching\/#\/schema\/logo\/image\/","url":"https:\/\/florinesoikacoaching.fr\/coaching\/wp-content\/uploads\/2022\/01\/LogoSFcouleur100.png","contentUrl":"https:\/\/florinesoikacoaching.fr\/coaching\/wp-content\/uploads\/2022\/01\/LogoSFcouleur100.png","width":150,"height":150,"caption":"Florine Soika Coaching"},"image":{"@id":"https:\/\/florinesoikacoaching.fr\/coaching\/#\/schema\/logo\/image\/"},"sameAs":["https:\/\/www.facebook.com\/profile.php?id=100075663504522","https:\/\/www.instagram.com\/florine_soika_coaching_\/","https:\/\/fr.linkedin.com\/in\/florine-soika-248266a3"]}]}},"_links":{"self":[{"href":"https:\/\/florinesoikacoaching.fr\/coaching\/index.php\/wp-json\/wp\/v2\/pages\/1292","targetHints":{"allow":["GET"]}}],"collection":[{"href":"https:\/\/florinesoikacoaching.fr\/coaching\/index.php\/wp-json\/wp\/v2\/pages"}],"about":[{"href":"https:\/\/florinesoikacoaching.fr\/coaching\/index.php\/wp-json\/wp\/v2\/types\/page"}],"author":[{"embeddable":true,"href":"https:\/\/florinesoikacoaching.fr\/coaching\/index.php\/wp-json\/wp\/v2\/users\/1"}],"replies":[{"embeddable":true,"href":"https:\/\/florinesoikacoaching.fr\/coaching\/index.php\/wp-json\/wp\/v2\/comments?post=1292"}],"version-history":[{"count":6,"href":"https:\/\/florinesoikacoaching.fr\/coaching\/index.php\/wp-json\/wp\/v2\/pages\/1292\/revisions"}],"predecessor-version":[{"id":1323,"href":"https:\/\/florinesoikacoaching.fr\/coaching\/index.php\/wp-json\/wp\/v2\/pages\/1292\/revisions\/1323"}],"wp:attachment":[{"href":"https:\/\/florinesoikacoaching.fr\/coaching\/index.php\/wp-json\/wp\/v2\/media?parent=1292"}],"curies":[{"name":"wp","href":"https:\/\/api.w.org\/{rel}","templated":true}]}}