{"id":17,"date":"2021-11-20T21:45:11","date_gmt":"2021-11-20T20:45:11","guid":{"rendered":"http:\/\/141.94.22.59\/coaching\/?page_id=17"},"modified":"2022-01-07T14:06:48","modified_gmt":"2022-01-07T13:06:48","slug":"contact","status":"publish","type":"page","link":"https:\/\/florinesoikacoaching.fr\/coaching\/index.php\/contact\/","title":{"rendered":"Contact"},"content":{"rendered":"\n<div class=\"wp-block-group\"><div class=\"wp-block-group__inner-container is-layout-flow wp-block-group-is-layout-flow\">\n<div class=\"wp-block-columns is-layout-flex wp-container-core-columns-is-layout-9d6595d7 wp-block-columns-is-layout-flex\">\n<div class=\"wp-block-column is-layout-flow wp-block-column-is-layout-flow\" style=\"flex-basis:100%\">\n<div class=\"wp-block-group\"><div class=\"wp-block-group__inner-container is-layout-flow wp-block-group-is-layout-flow\">\n<div class=\"wp-block-group\"><div class=\"wp-block-group__inner-container is-layout-flow wp-block-group-is-layout-flow\">\n<div class=\"wp-block-group\"><div class=\"wp-block-group__inner-container is-layout-flow wp-block-group-is-layout-flow\">\n<p class=\"has-medium-font-size\">N&rsquo;h\u00e9sitez pas \u00e0 me contacter pour une premi\u00e8re <strong>prise de rendez-vous<\/strong>, tarifs sur demande. <\/p>\n<\/div><\/div>\n<\/div><\/div>\n<\/div><\/div>\n<\/div>\n<\/div>\n<\/div><\/div>\n\n\n\n<div class=\"wp-block-columns is-layout-flex wp-container-core-columns-is-layout-9d6595d7 wp-block-columns-is-layout-flex\">\n<div class=\"wp-block-column is-layout-flow wp-block-column-is-layout-flow\" style=\"flex-basis:50%\">\n<figure class=\"wp-block-image size-large\"><img decoding=\"async\" src=\"https:\/\/florinesoikacoaching.fr\/coaching\/wp-content\/uploads\/2021\/12\/DSC05786-1024x684.jpg\" alt=\"\"\/><\/figure>\n<\/div>\n\n\n\n<div class=\"wp-block-column is-layout-flow wp-block-column-is-layout-flow\" style=\"flex-basis:50%\"><div class=\"wpforms-container wpforms-container-full\" id=\"wpforms-186\"><form id=\"wpforms-form-186\" class=\"wpforms-validate wpforms-form wpforms-ajax-form\" data-formid=\"186\" method=\"post\" enctype=\"multipart\/form-data\" action=\"\/coaching\/index.php\/wp-json\/wp\/v2\/pages\/17\" data-token=\"5a9ca3ef4695f3d5e962ed0f8185b9d6\"><noscript class=\"wpforms-error-noscript\">Veuillez activer JavaScript dans votre navigateur pour remplir ce formulaire.<\/noscript><div class=\"wpforms-field-container\"><div id=\"wpforms-186-field_0-container\" class=\"wpforms-field wpforms-field-name\" data-field-id=\"0\"><label class=\"wpforms-field-label\" for=\"wpforms-186-field_0\">Nom <span class=\"wpforms-required-label\">*<\/span><\/label><div class=\"wpforms-field-row wpforms-field-medium\"><div class=\"wpforms-field-row-block wpforms-first wpforms-one-half\"><input type=\"text\" id=\"wpforms-186-field_0\" class=\"wpforms-field-name-first wpforms-field-required\" name=\"wpforms[fields][0][first]\" required><label for=\"wpforms-186-field_0\" class=\"wpforms-field-sublabel after \">Pr\u00e9nom<\/label><\/div><div class=\"wpforms-field-row-block wpforms-one-half\"><input type=\"text\" id=\"wpforms-186-field_0-last\" class=\"wpforms-field-name-last wpforms-field-required\" name=\"wpforms[fields][0][last]\" required><label for=\"wpforms-186-field_0-last\" class=\"wpforms-field-sublabel after \">Nom<\/label><\/div><\/div><\/div><div id=\"wpforms-186-field_1-container\" class=\"wpforms-field wpforms-field-email\" data-field-id=\"1\"><label class=\"wpforms-field-label\" for=\"wpforms-186-field_1\">Email <span class=\"wpforms-required-label\">*<\/span><\/label><input type=\"email\" id=\"wpforms-186-field_1\" class=\"wpforms-field-medium wpforms-field-required\" name=\"wpforms[fields][1]\" required><\/div><div id=\"wpforms-186-field_2-container\" class=\"wpforms-field wpforms-field-textarea\" data-field-id=\"2\"><label class=\"wpforms-field-label\" for=\"wpforms-186-field_2\">Message <span class=\"wpforms-required-label\">*<\/span><\/label><textarea id=\"wpforms-186-field_2\" class=\"wpforms-field-medium wpforms-field-required\" name=\"wpforms[fields][2]\" required><\/textarea><\/div><\/div><div class=\"wpforms-submit-container\"><input type=\"hidden\" name=\"wpforms[id]\" value=\"186\"><input type=\"hidden\" name=\"wpforms[author]\" value=\"1\"><button type=\"submit\" name=\"wpforms[submit]\" id=\"wpforms-submit-186\" class=\"wpforms-submit\" data-alt-text=\"Envoi...\" data-submit-text=\"Envoyer\" aria-live=\"assertive\" value=\"wpforms-submit\">Envoyer<\/button><img loading=\"lazy\" decoding=\"async\" src=\"https:\/\/florinesoikacoaching.fr\/coaching\/wp-content\/plugins\/wpforms-lite\/assets\/images\/submit-spin.svg\" class=\"wpforms-submit-spinner\" style=\"display: none;\" width=\"26\" height=\"26\" alt=\"\"><\/div><\/form><\/div>  <!-- .wpforms-container -->\n<\/div>\n<\/div>\n\n\n\n<p><\/p>\n","protected":false},"excerpt":{"rendered":"","protected":false},"author":1,"featured_media":0,"parent":0,"menu_order":0,"comment_status":"closed","ping_status":"closed","template":"","meta":{"footnotes":""},"class_list":["post-17","page","type-page","status-publish","hentry"],"yoast_head":"<!-- This site is optimized with the Yoast SEO plugin v27.5 - https:\/\/yoast.com\/product\/yoast-seo-wordpress\/ -->\n<title>Contact - FS Coaching<\/title>\n<meta name=\"description\" content=\"N\u2019h\u00e9sitez pas \u00e0 me contacter pour une premi\u00e8re prise de rendez-vous, tarifs sur demande.\" \/>\n<meta name=\"robots\" content=\"index, follow, max-snippet:-1, max-image-preview:large, max-video-preview:-1\" \/>\n<link rel=\"canonical\" href=\"https:\/\/florinesoikacoaching.fr\/coaching\/index.php\/contact\/\" \/>\n<meta property=\"og:locale\" content=\"fr_FR\" \/>\n<meta property=\"og:type\" content=\"article\" \/>\n<meta property=\"og:title\" content=\"Contact - FS Coaching\" \/>\n<meta property=\"og:description\" content=\"N\u2019h\u00e9sitez pas \u00e0 me contacter pour une premi\u00e8re prise de rendez-vous, tarifs sur demande.\" \/>\n<meta property=\"og:url\" content=\"https:\/\/florinesoikacoaching.fr\/coaching\/index.php\/contact\/\" \/>\n<meta property=\"og:site_name\" content=\"FS Coaching\" \/>\n<meta property=\"article:publisher\" content=\"https:\/\/www.facebook.com\/profile.php?id=100075663504522\" \/>\n<meta property=\"article:modified_time\" content=\"2022-01-07T13:06:48+00:00\" \/>\n<meta property=\"og:image\" content=\"https:\/\/florinesoikacoaching.fr\/coaching\/wp-content\/uploads\/2021\/12\/DSC05786-1024x684.jpg\" \/>\n<meta name=\"twitter:card\" content=\"summary_large_image\" \/>\n<meta name=\"twitter:label1\" content=\"Dur\u00e9e de lecture estim\u00e9e\" \/>\n\t<meta name=\"twitter:data1\" content=\"1 minute\" \/>\n<script type=\"application\/ld+json\" class=\"yoast-schema-graph\">{\"@context\":\"https:\\\/\\\/schema.org\",\"@graph\":[{\"@type\":\"WebPage\",\"@id\":\"https:\\\/\\\/florinesoikacoaching.fr\\\/coaching\\\/index.php\\\/contact\\\/\",\"url\":\"https:\\\/\\\/florinesoikacoaching.fr\\\/coaching\\\/index.php\\\/contact\\\/\",\"name\":\"Contact - FS Coaching\",\"isPartOf\":{\"@id\":\"https:\\\/\\\/florinesoikacoaching.fr\\\/coaching\\\/#website\"},\"primaryImageOfPage\":{\"@id\":\"https:\\\/\\\/florinesoikacoaching.fr\\\/coaching\\\/index.php\\\/contact\\\/#primaryimage\"},\"image\":{\"@id\":\"https:\\\/\\\/florinesoikacoaching.fr\\\/coaching\\\/index.php\\\/contact\\\/#primaryimage\"},\"thumbnailUrl\":\"https:\\\/\\\/florinesoikacoaching.fr\\\/coaching\\\/wp-content\\\/uploads\\\/2021\\\/12\\\/DSC05786-1024x684.jpg\",\"datePublished\":\"2021-11-20T20:45:11+00:00\",\"dateModified\":\"2022-01-07T13:06:48+00:00\",\"description\":\"N\u2019h\u00e9sitez pas \u00e0 me contacter pour une premi\u00e8re prise de rendez-vous, tarifs sur demande.\",\"breadcrumb\":{\"@id\":\"https:\\\/\\\/florinesoikacoaching.fr\\\/coaching\\\/index.php\\\/contact\\\/#breadcrumb\"},\"inLanguage\":\"fr-FR\",\"potentialAction\":[{\"@type\":\"ReadAction\",\"target\":[\"https:\\\/\\\/florinesoikacoaching.fr\\\/coaching\\\/index.php\\\/contact\\\/\"]}]},{\"@type\":\"ImageObject\",\"inLanguage\":\"fr-FR\",\"@id\":\"https:\\\/\\\/florinesoikacoaching.fr\\\/coaching\\\/index.php\\\/contact\\\/#primaryimage\",\"url\":\"https:\\\/\\\/florinesoikacoaching.fr\\\/coaching\\\/wp-content\\\/uploads\\\/2021\\\/12\\\/DSC05786-1024x684.jpg\",\"contentUrl\":\"https:\\\/\\\/florinesoikacoaching.fr\\\/coaching\\\/wp-content\\\/uploads\\\/2021\\\/12\\\/DSC05786-1024x684.jpg\"},{\"@type\":\"BreadcrumbList\",\"@id\":\"https:\\\/\\\/florinesoikacoaching.fr\\\/coaching\\\/index.php\\\/contact\\\/#breadcrumb\",\"itemListElement\":[{\"@type\":\"ListItem\",\"position\":1,\"name\":\"Accueil\",\"item\":\"https:\\\/\\\/florinesoikacoaching.fr\\\/coaching\\\/\"},{\"@type\":\"ListItem\",\"position\":2,\"name\":\"Contact\"}]},{\"@type\":\"WebSite\",\"@id\":\"https:\\\/\\\/florinesoikacoaching.fr\\\/coaching\\\/#website\",\"url\":\"https:\\\/\\\/florinesoikacoaching.fr\\\/coaching\\\/\",\"name\":\"FS Coaching\",\"description\":\"Coaching Sportif Particuliers et entreprises \u00e0 Lille\",\"publisher\":{\"@id\":\"https:\\\/\\\/florinesoikacoaching.fr\\\/coaching\\\/#organization\"},\"potentialAction\":[{\"@type\":\"SearchAction\",\"target\":{\"@type\":\"EntryPoint\",\"urlTemplate\":\"https:\\\/\\\/florinesoikacoaching.fr\\\/coaching\\\/?s={search_term_string}\"},\"query-input\":{\"@type\":\"PropertyValueSpecification\",\"valueRequired\":true,\"valueName\":\"search_term_string\"}}],\"inLanguage\":\"fr-FR\"},{\"@type\":\"Organization\",\"@id\":\"https:\\\/\\\/florinesoikacoaching.fr\\\/coaching\\\/#organization\",\"name\":\"Florine Soika Coaching\",\"url\":\"https:\\\/\\\/florinesoikacoaching.fr\\\/coaching\\\/\",\"logo\":{\"@type\":\"ImageObject\",\"inLanguage\":\"fr-FR\",\"@id\":\"https:\\\/\\\/florinesoikacoaching.fr\\\/coaching\\\/#\\\/schema\\\/logo\\\/image\\\/\",\"url\":\"https:\\\/\\\/florinesoikacoaching.fr\\\/coaching\\\/wp-content\\\/uploads\\\/2022\\\/01\\\/LogoSFcouleur100.png\",\"contentUrl\":\"https:\\\/\\\/florinesoikacoaching.fr\\\/coaching\\\/wp-content\\\/uploads\\\/2022\\\/01\\\/LogoSFcouleur100.png\",\"width\":150,\"height\":150,\"caption\":\"Florine Soika Coaching\"},\"image\":{\"@id\":\"https:\\\/\\\/florinesoikacoaching.fr\\\/coaching\\\/#\\\/schema\\\/logo\\\/image\\\/\"},\"sameAs\":[\"https:\\\/\\\/www.facebook.com\\\/profile.php?id=100075663504522\",\"https:\\\/\\\/www.instagram.com\\\/florine_soika_coaching_\\\/\",\"https:\\\/\\\/fr.linkedin.com\\\/in\\\/florine-soika-248266a3\"]}]}<\/script>\n<!-- \/ Yoast SEO plugin. -->","yoast_head_json":{"title":"Contact - FS Coaching","description":"N\u2019h\u00e9sitez pas \u00e0 me contacter pour une premi\u00e8re prise de rendez-vous, tarifs sur demande.","robots":{"index":"index","follow":"follow","max-snippet":"max-snippet:-1","max-image-preview":"max-image-preview:large","max-video-preview":"max-video-preview:-1"},"canonical":"https:\/\/florinesoikacoaching.fr\/coaching\/index.php\/contact\/","og_locale":"fr_FR","og_type":"article","og_title":"Contact - FS Coaching","og_description":"N\u2019h\u00e9sitez pas \u00e0 me contacter pour une premi\u00e8re prise de rendez-vous, tarifs sur demande.","og_url":"https:\/\/florinesoikacoaching.fr\/coaching\/index.php\/contact\/","og_site_name":"FS Coaching","article_publisher":"https:\/\/www.facebook.com\/profile.php?id=100075663504522","article_modified_time":"2022-01-07T13:06:48+00:00","og_image":[{"url":"https:\/\/florinesoikacoaching.fr\/coaching\/wp-content\/uploads\/2021\/12\/DSC05786-1024x684.jpg","type":"","width":"","height":""}],"twitter_card":"summary_large_image","twitter_misc":{"Dur\u00e9e de lecture estim\u00e9e":"1 minute"},"schema":{"@context":"https:\/\/schema.org","@graph":[{"@type":"WebPage","@id":"https:\/\/florinesoikacoaching.fr\/coaching\/index.php\/contact\/","url":"https:\/\/florinesoikacoaching.fr\/coaching\/index.php\/contact\/","name":"Contact - FS Coaching","isPartOf":{"@id":"https:\/\/florinesoikacoaching.fr\/coaching\/#website"},"primaryImageOfPage":{"@id":"https:\/\/florinesoikacoaching.fr\/coaching\/index.php\/contact\/#primaryimage"},"image":{"@id":"https:\/\/florinesoikacoaching.fr\/coaching\/index.php\/contact\/#primaryimage"},"thumbnailUrl":"https:\/\/florinesoikacoaching.fr\/coaching\/wp-content\/uploads\/2021\/12\/DSC05786-1024x684.jpg","datePublished":"2021-11-20T20:45:11+00:00","dateModified":"2022-01-07T13:06:48+00:00","description":"N\u2019h\u00e9sitez pas \u00e0 me contacter pour une premi\u00e8re prise de rendez-vous, tarifs sur demande.","breadcrumb":{"@id":"https:\/\/florinesoikacoaching.fr\/coaching\/index.php\/contact\/#breadcrumb"},"inLanguage":"fr-FR","potentialAction":[{"@type":"ReadAction","target":["https:\/\/florinesoikacoaching.fr\/coaching\/index.php\/contact\/"]}]},{"@type":"ImageObject","inLanguage":"fr-FR","@id":"https:\/\/florinesoikacoaching.fr\/coaching\/index.php\/contact\/#primaryimage","url":"https:\/\/florinesoikacoaching.fr\/coaching\/wp-content\/uploads\/2021\/12\/DSC05786-1024x684.jpg","contentUrl":"https:\/\/florinesoikacoaching.fr\/coaching\/wp-content\/uploads\/2021\/12\/DSC05786-1024x684.jpg"},{"@type":"BreadcrumbList","@id":"https:\/\/florinesoikacoaching.fr\/coaching\/index.php\/contact\/#breadcrumb","itemListElement":[{"@type":"ListItem","position":1,"name":"Accueil","item":"https:\/\/florinesoikacoaching.fr\/coaching\/"},{"@type":"ListItem","position":2,"name":"Contact"}]},{"@type":"WebSite","@id":"https:\/\/florinesoikacoaching.fr\/coaching\/#website","url":"https:\/\/florinesoikacoaching.fr\/coaching\/","name":"FS Coaching","description":"Coaching Sportif Particuliers et entreprises \u00e0 Lille","publisher":{"@id":"https:\/\/florinesoikacoaching.fr\/coaching\/#organization"},"potentialAction":[{"@type":"SearchAction","target":{"@type":"EntryPoint","urlTemplate":"https:\/\/florinesoikacoaching.fr\/coaching\/?s={search_term_string}"},"query-input":{"@type":"PropertyValueSpecification","valueRequired":true,"valueName":"search_term_string"}}],"inLanguage":"fr-FR"},{"@type":"Organization","@id":"https:\/\/florinesoikacoaching.fr\/coaching\/#organization","name":"Florine Soika Coaching","url":"https:\/\/florinesoikacoaching.fr\/coaching\/","logo":{"@type":"ImageObject","inLanguage":"fr-FR","@id":"https:\/\/florinesoikacoaching.fr\/coaching\/#\/schema\/logo\/image\/","url":"https:\/\/florinesoikacoaching.fr\/coaching\/wp-content\/uploads\/2022\/01\/LogoSFcouleur100.png","contentUrl":"https:\/\/florinesoikacoaching.fr\/coaching\/wp-content\/uploads\/2022\/01\/LogoSFcouleur100.png","width":150,"height":150,"caption":"Florine Soika Coaching"},"image":{"@id":"https:\/\/florinesoikacoaching.fr\/coaching\/#\/schema\/logo\/image\/"},"sameAs":["https:\/\/www.facebook.com\/profile.php?id=100075663504522","https:\/\/www.instagram.com\/florine_soika_coaching_\/","https:\/\/fr.linkedin.com\/in\/florine-soika-248266a3"]}]}},"_links":{"self":[{"href":"https:\/\/florinesoikacoaching.fr\/coaching\/index.php\/wp-json\/wp\/v2\/pages\/17","targetHints":{"allow":["GET"]}}],"collection":[{"href":"https:\/\/florinesoikacoaching.fr\/coaching\/index.php\/wp-json\/wp\/v2\/pages"}],"about":[{"href":"https:\/\/florinesoikacoaching.fr\/coaching\/index.php\/wp-json\/wp\/v2\/types\/page"}],"author":[{"embeddable":true,"href":"https:\/\/florinesoikacoaching.fr\/coaching\/index.php\/wp-json\/wp\/v2\/users\/1"}],"replies":[{"embeddable":true,"href":"https:\/\/florinesoikacoaching.fr\/coaching\/index.php\/wp-json\/wp\/v2\/comments?post=17"}],"version-history":[{"count":16,"href":"https:\/\/florinesoikacoaching.fr\/coaching\/index.php\/wp-json\/wp\/v2\/pages\/17\/revisions"}],"predecessor-version":[{"id":1239,"href":"https:\/\/florinesoikacoaching.fr\/coaching\/index.php\/wp-json\/wp\/v2\/pages\/17\/revisions\/1239"}],"wp:attachment":[{"href":"https:\/\/florinesoikacoaching.fr\/coaching\/index.php\/wp-json\/wp\/v2\/media?parent=17"}],"curies":[{"name":"wp","href":"https:\/\/api.w.org\/{rel}","templated":true}]}}