{"id":613,"date":"2021-12-17T18:11:08","date_gmt":"2021-12-17T17:11:08","guid":{"rendered":"http:\/\/141.94.22.59\/coaching\/?page_id=613"},"modified":"2024-03-26T21:46:30","modified_gmt":"2024-03-26T20:46:30","slug":"coaching-en-entreprise","status":"publish","type":"page","link":"https:\/\/florinesoikacoaching.fr\/coaching\/index.php\/offres\/coaching-en-entreprise\/","title":{"rendered":"Coaching en entreprise"},"content":{"rendered":"\n<p class=\"has-medium-font-size\"><meta http-equiv=\"content-type\" content=\"text\/html; charset=utf-8\"><\/meta>Je propose \u00e9galement du <strong>coaching en entrepris<\/strong>e en petits ou grands groupes<strong>, pour tous niveaux et accessibles \u00e0 tous<\/strong>. Le but du coaching en entreprise est d&rsquo;avoir un coach \u00e0 disposition au sein de l&rsquo;organisme, <strong>pour tous les salari\u00e9s<\/strong>, toute l&rsquo;ann\u00e9e, pour <strong>d\u00e9compresser<\/strong> mais aussi pour <strong>am\u00e9liorer la posture, se renforcer suite aux t\u00e2ches quotidiennes du m\u00e9tier<\/strong>.<\/p>\n\n\n\n<div class=\"wp-block-columns are-vertically-aligned-center is-layout-flex wp-container-core-columns-is-layout-9d6595d7 wp-block-columns-is-layout-flex\">\n<div class=\"wp-block-column is-vertically-aligned-center is-layout-flow wp-block-column-is-layout-flow\" style=\"flex-basis:50%\">\n<h2 class=\"wp-block-heading\">Comment se d\u00e9roule la s\u00e9ance ?<\/h2>\n\n\n\n<p class=\"has-medium-font-size\">Apr\u00e8s avoir <strong>pris contact avec <\/strong>l&rsquo;entreprise, nous \u00e9tablissons ensemble les cours souhait\u00e9s par les salari\u00e9s ainsi que des cr\u00e9neaux fixes.<\/p>\n\n\n\n<p class=\"has-medium-font-size\">Les s\u00e9ances peuvent se d\u00e9rouler<strong> en salle de r\u00e9union par exemple ou en ext\u00e9rieur <\/strong>selon la m\u00e9t\u00e9o. Je peux me d\u00e9placer avec mon petit mat\u00e9riel <strong>ou <\/strong>l&rsquo;entreprise a le choix aussi d&rsquo;investir dans du mat\u00e9riel <strong>ou<\/strong> les salari\u00e9s peuvent \u00e9galement ramener le mat\u00e9riel demand\u00e9, afin d&rsquo;adapter au mieux la s\u00e9ance. <\/p>\n<\/div>\n\n\n\n<div class=\"wp-block-column is-vertically-aligned-center is-layout-flow wp-block-column-is-layout-flow\" style=\"flex-basis:50%\">\n<figure class=\"wp-block-image size-large\"><img decoding=\"async\" src=\"https:\/\/florinesoikacoaching.fr\/coaching\/wp-content\/uploads\/2021\/12\/DSC05675-1024x684.jpg\" alt=\"Mouvements avec halt\u00e8res\"\/><\/figure>\n<\/div>\n<\/div>\n\n\n\n<div class=\"wp-block-columns is-layout-flex wp-container-core-columns-is-layout-9d6595d7 wp-block-columns-is-layout-flex\">\n<div class=\"wp-block-column is-layout-flow wp-block-column-is-layout-flow\" style=\"flex-basis:25%\">\n<figure class=\"wp-block-image size-large\"><img decoding=\"async\" src=\"https:\/\/florinesoikacoaching.fr\/coaching\/wp-content\/uploads\/2021\/12\/DSC04299-684x1024.jpg\" alt=\"\"\/><\/figure>\n<\/div>\n\n\n\n<div class=\"wp-block-column is-layout-flow wp-block-column-is-layout-flow\" style=\"flex-basis:75%\">\n<div class=\"wp-block-group\"><div class=\"wp-block-group__inner-container is-layout-flow wp-block-group-is-layout-flow\">\n<h2 class=\"wp-block-heading\">Comment se passe une s\u00e9ance \u00ab\u00a0type\u00a0\u00bb ?<\/h2>\n\n\n\n<p class=\"has-medium-font-size\">La s\u00e9ance dure <strong>1h.<\/strong> Nous commen\u00e7ons toujours la s\u00e9ance par un <strong>\u00e9chauffement<\/strong> articulaire, musculaire puis cardio vasculaire pour faire monter le corps \u00e0 la bonne temp\u00e9rature et lui signaler qu&rsquo;on est pr\u00eat \u00e0 commencer ! Ensuite, nous entamons le <strong>corps de s\u00e9ance<\/strong> et nous terminons avec du <strong>stretching\/retour au calme<\/strong> pour faire descendre le coeur progressivement jusqu&rsquo;\u00e0 atteindre un rythme cardiaque de base.<\/p>\n<\/div><\/div>\n<\/div>\n<\/div>\n\n\n\n<div class=\"wp-block-group\"><div class=\"wp-block-group__inner-container is-layout-flow wp-block-group-is-layout-flow\">\n<p class=\"has-text-align-center gml-hovergroup has-medium-font-size\"><\/p>\n<\/div><\/div>\n","protected":false},"excerpt":{"rendered":"<p>Je propose \u00e9galement du coaching en entreprise en petits ou grands groupes, pour tous niveaux et accessibles \u00e0 tous. Le but du coaching en entreprise est d&rsquo;avoir un coach \u00e0 disposition au sein de l&rsquo;organisme, pour tous les salari\u00e9s, toute l&rsquo;ann\u00e9e, pour d\u00e9compresser mais aussi pour am\u00e9liorer la posture, se renforcer suite aux t\u00e2ches quotidiennes <a class=\"more-link\" href=\"https:\/\/florinesoikacoaching.fr\/coaching\/index.php\/offres\/coaching-en-entreprise\/\">la suite&#8230; <i class=\"fa fa-chevron-right\"><\/i><\/a><\/p>\n","protected":false},"author":1,"featured_media":0,"parent":129,"menu_order":1,"comment_status":"closed","ping_status":"closed","template":"page-fullwidth.php","meta":{"footnotes":""},"class_list":["post-613","page","type-page","status-publish","hentry"],"yoast_head":"<!-- This site is optimized with the Yoast SEO plugin v27.5 - https:\/\/yoast.com\/product\/yoast-seo-wordpress\/ -->\n<title>Coaching en entreprise - FS Coaching<\/title>\n<meta name=\"description\" content=\"Je propose du coaching en small group (2 a 6 personnes) pour les particuliers et pour les entreprises, tous niveaux et accessibles \u00e0 tous.\" \/>\n<meta name=\"robots\" content=\"index, follow, max-snippet:-1, max-image-preview:large, max-video-preview:-1\" \/>\n<link rel=\"canonical\" href=\"https:\/\/florinesoikacoaching.fr\/coaching\/index.php\/offres\/coaching-en-entreprise\/\" \/>\n<meta property=\"og:locale\" content=\"fr_FR\" \/>\n<meta property=\"og:type\" content=\"article\" \/>\n<meta property=\"og:title\" content=\"Coaching en entreprise - FS Coaching\" \/>\n<meta property=\"og:description\" content=\"Je propose du coaching en small group (2 a 6 personnes) pour les particuliers et pour les entreprises, tous niveaux et accessibles \u00e0 tous.\" \/>\n<meta property=\"og:url\" content=\"https:\/\/florinesoikacoaching.fr\/coaching\/index.php\/offres\/coaching-en-entreprise\/\" \/>\n<meta property=\"og:site_name\" content=\"FS Coaching\" \/>\n<meta property=\"article:publisher\" content=\"https:\/\/www.facebook.com\/profile.php?id=100075663504522\" \/>\n<meta property=\"article:modified_time\" content=\"2024-03-26T20:46:30+00:00\" \/>\n<meta property=\"og:image\" content=\"https:\/\/florinesoikacoaching.fr\/coaching\/wp-content\/uploads\/2021\/12\/DSC05675-1024x684.jpg\" \/>\n<meta name=\"twitter:card\" content=\"summary_large_image\" \/>\n<meta name=\"twitter:label1\" content=\"Dur\u00e9e de lecture estim\u00e9e\" \/>\n\t<meta name=\"twitter:data1\" content=\"2 minutes\" \/>\n<script type=\"application\/ld+json\" class=\"yoast-schema-graph\">{\"@context\":\"https:\\\/\\\/schema.org\",\"@graph\":[{\"@type\":\"WebPage\",\"@id\":\"https:\\\/\\\/florinesoikacoaching.fr\\\/coaching\\\/index.php\\\/offres\\\/coaching-en-entreprise\\\/\",\"url\":\"https:\\\/\\\/florinesoikacoaching.fr\\\/coaching\\\/index.php\\\/offres\\\/coaching-en-entreprise\\\/\",\"name\":\"Coaching en entreprise - FS Coaching\",\"isPartOf\":{\"@id\":\"https:\\\/\\\/florinesoikacoaching.fr\\\/coaching\\\/#website\"},\"primaryImageOfPage\":{\"@id\":\"https:\\\/\\\/florinesoikacoaching.fr\\\/coaching\\\/index.php\\\/offres\\\/coaching-en-entreprise\\\/#primaryimage\"},\"image\":{\"@id\":\"https:\\\/\\\/florinesoikacoaching.fr\\\/coaching\\\/index.php\\\/offres\\\/coaching-en-entreprise\\\/#primaryimage\"},\"thumbnailUrl\":\"https:\\\/\\\/florinesoikacoaching.fr\\\/coaching\\\/wp-content\\\/uploads\\\/2021\\\/12\\\/DSC05675-1024x684.jpg\",\"datePublished\":\"2021-12-17T17:11:08+00:00\",\"dateModified\":\"2024-03-26T20:46:30+00:00\",\"description\":\"Je propose du coaching en small group (2 a 6 personnes) pour les particuliers et pour les entreprises, tous niveaux et accessibles \u00e0 tous.\",\"breadcrumb\":{\"@id\":\"https:\\\/\\\/florinesoikacoaching.fr\\\/coaching\\\/index.php\\\/offres\\\/coaching-en-entreprise\\\/#breadcrumb\"},\"inLanguage\":\"fr-FR\",\"potentialAction\":[{\"@type\":\"ReadAction\",\"target\":[\"https:\\\/\\\/florinesoikacoaching.fr\\\/coaching\\\/index.php\\\/offres\\\/coaching-en-entreprise\\\/\"]}]},{\"@type\":\"ImageObject\",\"inLanguage\":\"fr-FR\",\"@id\":\"https:\\\/\\\/florinesoikacoaching.fr\\\/coaching\\\/index.php\\\/offres\\\/coaching-en-entreprise\\\/#primaryimage\",\"url\":\"https:\\\/\\\/florinesoikacoaching.fr\\\/coaching\\\/wp-content\\\/uploads\\\/2021\\\/12\\\/DSC05675-1024x684.jpg\",\"contentUrl\":\"https:\\\/\\\/florinesoikacoaching.fr\\\/coaching\\\/wp-content\\\/uploads\\\/2021\\\/12\\\/DSC05675-1024x684.jpg\"},{\"@type\":\"BreadcrumbList\",\"@id\":\"https:\\\/\\\/florinesoikacoaching.fr\\\/coaching\\\/index.php\\\/offres\\\/coaching-en-entreprise\\\/#breadcrumb\",\"itemListElement\":[{\"@type\":\"ListItem\",\"position\":1,\"name\":\"Accueil\",\"item\":\"https:\\\/\\\/florinesoikacoaching.fr\\\/coaching\\\/\"},{\"@type\":\"ListItem\",\"position\":2,\"name\":\"Prestations\",\"item\":\"https:\\\/\\\/florinesoikacoaching.fr\\\/coaching\\\/index.php\\\/offres\\\/\"},{\"@type\":\"ListItem\",\"position\":3,\"name\":\"Coaching en entreprise\"}]},{\"@type\":\"WebSite\",\"@id\":\"https:\\\/\\\/florinesoikacoaching.fr\\\/coaching\\\/#website\",\"url\":\"https:\\\/\\\/florinesoikacoaching.fr\\\/coaching\\\/\",\"name\":\"FS Coaching\",\"description\":\"Coaching Sportif Particuliers et entreprises \u00e0 Lille\",\"publisher\":{\"@id\":\"https:\\\/\\\/florinesoikacoaching.fr\\\/coaching\\\/#organization\"},\"potentialAction\":[{\"@type\":\"SearchAction\",\"target\":{\"@type\":\"EntryPoint\",\"urlTemplate\":\"https:\\\/\\\/florinesoikacoaching.fr\\\/coaching\\\/?s={search_term_string}\"},\"query-input\":{\"@type\":\"PropertyValueSpecification\",\"valueRequired\":true,\"valueName\":\"search_term_string\"}}],\"inLanguage\":\"fr-FR\"},{\"@type\":\"Organization\",\"@id\":\"https:\\\/\\\/florinesoikacoaching.fr\\\/coaching\\\/#organization\",\"name\":\"Florine Soika Coaching\",\"url\":\"https:\\\/\\\/florinesoikacoaching.fr\\\/coaching\\\/\",\"logo\":{\"@type\":\"ImageObject\",\"inLanguage\":\"fr-FR\",\"@id\":\"https:\\\/\\\/florinesoikacoaching.fr\\\/coaching\\\/#\\\/schema\\\/logo\\\/image\\\/\",\"url\":\"https:\\\/\\\/florinesoikacoaching.fr\\\/coaching\\\/wp-content\\\/uploads\\\/2022\\\/01\\\/LogoSFcouleur100.png\",\"contentUrl\":\"https:\\\/\\\/florinesoikacoaching.fr\\\/coaching\\\/wp-content\\\/uploads\\\/2022\\\/01\\\/LogoSFcouleur100.png\",\"width\":150,\"height\":150,\"caption\":\"Florine Soika Coaching\"},\"image\":{\"@id\":\"https:\\\/\\\/florinesoikacoaching.fr\\\/coaching\\\/#\\\/schema\\\/logo\\\/image\\\/\"},\"sameAs\":[\"https:\\\/\\\/www.facebook.com\\\/profile.php?id=100075663504522\",\"https:\\\/\\\/www.instagram.com\\\/florine_soika_coaching_\\\/\",\"https:\\\/\\\/fr.linkedin.com\\\/in\\\/florine-soika-248266a3\"]}]}<\/script>\n<!-- \/ Yoast SEO plugin. -->","yoast_head_json":{"title":"Coaching en entreprise - FS Coaching","description":"Je propose du coaching en small group (2 a 6 personnes) pour les particuliers et pour les entreprises, tous niveaux et accessibles \u00e0 tous.","robots":{"index":"index","follow":"follow","max-snippet":"max-snippet:-1","max-image-preview":"max-image-preview:large","max-video-preview":"max-video-preview:-1"},"canonical":"https:\/\/florinesoikacoaching.fr\/coaching\/index.php\/offres\/coaching-en-entreprise\/","og_locale":"fr_FR","og_type":"article","og_title":"Coaching en entreprise - FS Coaching","og_description":"Je propose du coaching en small group (2 a 6 personnes) pour les particuliers et pour les entreprises, tous niveaux et accessibles \u00e0 tous.","og_url":"https:\/\/florinesoikacoaching.fr\/coaching\/index.php\/offres\/coaching-en-entreprise\/","og_site_name":"FS Coaching","article_publisher":"https:\/\/www.facebook.com\/profile.php?id=100075663504522","article_modified_time":"2024-03-26T20:46:30+00:00","og_image":[{"url":"https:\/\/florinesoikacoaching.fr\/coaching\/wp-content\/uploads\/2021\/12\/DSC05675-1024x684.jpg","type":"","width":"","height":""}],"twitter_card":"summary_large_image","twitter_misc":{"Dur\u00e9e de lecture estim\u00e9e":"2 minutes"},"schema":{"@context":"https:\/\/schema.org","@graph":[{"@type":"WebPage","@id":"https:\/\/florinesoikacoaching.fr\/coaching\/index.php\/offres\/coaching-en-entreprise\/","url":"https:\/\/florinesoikacoaching.fr\/coaching\/index.php\/offres\/coaching-en-entreprise\/","name":"Coaching en entreprise - FS Coaching","isPartOf":{"@id":"https:\/\/florinesoikacoaching.fr\/coaching\/#website"},"primaryImageOfPage":{"@id":"https:\/\/florinesoikacoaching.fr\/coaching\/index.php\/offres\/coaching-en-entreprise\/#primaryimage"},"image":{"@id":"https:\/\/florinesoikacoaching.fr\/coaching\/index.php\/offres\/coaching-en-entreprise\/#primaryimage"},"thumbnailUrl":"https:\/\/florinesoikacoaching.fr\/coaching\/wp-content\/uploads\/2021\/12\/DSC05675-1024x684.jpg","datePublished":"2021-12-17T17:11:08+00:00","dateModified":"2024-03-26T20:46:30+00:00","description":"Je propose du coaching en small group (2 a 6 personnes) pour les particuliers et pour les entreprises, tous niveaux et accessibles \u00e0 tous.","breadcrumb":{"@id":"https:\/\/florinesoikacoaching.fr\/coaching\/index.php\/offres\/coaching-en-entreprise\/#breadcrumb"},"inLanguage":"fr-FR","potentialAction":[{"@type":"ReadAction","target":["https:\/\/florinesoikacoaching.fr\/coaching\/index.php\/offres\/coaching-en-entreprise\/"]}]},{"@type":"ImageObject","inLanguage":"fr-FR","@id":"https:\/\/florinesoikacoaching.fr\/coaching\/index.php\/offres\/coaching-en-entreprise\/#primaryimage","url":"https:\/\/florinesoikacoaching.fr\/coaching\/wp-content\/uploads\/2021\/12\/DSC05675-1024x684.jpg","contentUrl":"https:\/\/florinesoikacoaching.fr\/coaching\/wp-content\/uploads\/2021\/12\/DSC05675-1024x684.jpg"},{"@type":"BreadcrumbList","@id":"https:\/\/florinesoikacoaching.fr\/coaching\/index.php\/offres\/coaching-en-entreprise\/#breadcrumb","itemListElement":[{"@type":"ListItem","position":1,"name":"Accueil","item":"https:\/\/florinesoikacoaching.fr\/coaching\/"},{"@type":"ListItem","position":2,"name":"Prestations","item":"https:\/\/florinesoikacoaching.fr\/coaching\/index.php\/offres\/"},{"@type":"ListItem","position":3,"name":"Coaching en entreprise"}]},{"@type":"WebSite","@id":"https:\/\/florinesoikacoaching.fr\/coaching\/#website","url":"https:\/\/florinesoikacoaching.fr\/coaching\/","name":"FS Coaching","description":"Coaching Sportif Particuliers et entreprises \u00e0 Lille","publisher":{"@id":"https:\/\/florinesoikacoaching.fr\/coaching\/#organization"},"potentialAction":[{"@type":"SearchAction","target":{"@type":"EntryPoint","urlTemplate":"https:\/\/florinesoikacoaching.fr\/coaching\/?s={search_term_string}"},"query-input":{"@type":"PropertyValueSpecification","valueRequired":true,"valueName":"search_term_string"}}],"inLanguage":"fr-FR"},{"@type":"Organization","@id":"https:\/\/florinesoikacoaching.fr\/coaching\/#organization","name":"Florine Soika Coaching","url":"https:\/\/florinesoikacoaching.fr\/coaching\/","logo":{"@type":"ImageObject","inLanguage":"fr-FR","@id":"https:\/\/florinesoikacoaching.fr\/coaching\/#\/schema\/logo\/image\/","url":"https:\/\/florinesoikacoaching.fr\/coaching\/wp-content\/uploads\/2022\/01\/LogoSFcouleur100.png","contentUrl":"https:\/\/florinesoikacoaching.fr\/coaching\/wp-content\/uploads\/2022\/01\/LogoSFcouleur100.png","width":150,"height":150,"caption":"Florine Soika Coaching"},"image":{"@id":"https:\/\/florinesoikacoaching.fr\/coaching\/#\/schema\/logo\/image\/"},"sameAs":["https:\/\/www.facebook.com\/profile.php?id=100075663504522","https:\/\/www.instagram.com\/florine_soika_coaching_\/","https:\/\/fr.linkedin.com\/in\/florine-soika-248266a3"]}]}},"_links":{"self":[{"href":"https:\/\/florinesoikacoaching.fr\/coaching\/index.php\/wp-json\/wp\/v2\/pages\/613","targetHints":{"allow":["GET"]}}],"collection":[{"href":"https:\/\/florinesoikacoaching.fr\/coaching\/index.php\/wp-json\/wp\/v2\/pages"}],"about":[{"href":"https:\/\/florinesoikacoaching.fr\/coaching\/index.php\/wp-json\/wp\/v2\/types\/page"}],"author":[{"embeddable":true,"href":"https:\/\/florinesoikacoaching.fr\/coaching\/index.php\/wp-json\/wp\/v2\/users\/1"}],"replies":[{"embeddable":true,"href":"https:\/\/florinesoikacoaching.fr\/coaching\/index.php\/wp-json\/wp\/v2\/comments?post=613"}],"version-history":[{"count":32,"href":"https:\/\/florinesoikacoaching.fr\/coaching\/index.php\/wp-json\/wp\/v2\/pages\/613\/revisions"}],"predecessor-version":[{"id":1331,"href":"https:\/\/florinesoikacoaching.fr\/coaching\/index.php\/wp-json\/wp\/v2\/pages\/613\/revisions\/1331"}],"up":[{"embeddable":true,"href":"https:\/\/florinesoikacoaching.fr\/coaching\/index.php\/wp-json\/wp\/v2\/pages\/129"}],"wp:attachment":[{"href":"https:\/\/florinesoikacoaching.fr\/coaching\/index.php\/wp-json\/wp\/v2\/media?parent=613"}],"curies":[{"name":"wp","href":"https:\/\/api.w.org\/{rel}","templated":true}]}}