{"id":617,"date":"2021-12-17T18:12:05","date_gmt":"2021-12-17T17:12:05","guid":{"rendered":"http:\/\/141.94.22.59\/coaching\/?page_id=617"},"modified":"2024-03-26T21:47:44","modified_gmt":"2024-03-26T20:47:44","slug":"programmes-nutritionnels","status":"publish","type":"page","link":"https:\/\/florinesoikacoaching.fr\/coaching\/index.php\/offres\/programmes-nutritionnels\/","title":{"rendered":"Programmes nutritionnels"},"content":{"rendered":"\n<div class=\"wp-block-columns are-vertically-aligned-center is-layout-flex wp-container-core-columns-is-layout-9d6595d7 wp-block-columns-is-layout-flex\">\n<div class=\"wp-block-column is-vertically-aligned-center is-layout-flow wp-block-column-is-layout-flow\" style=\"flex-basis:60%\">\n<div class=\"wp-block-group\"><div class=\"wp-block-group__inner-container is-layout-flow wp-block-group-is-layout-flow\">\n<p class=\"has-medium-font-size\"><meta http-equiv=\"content-type\" content=\"text\/html; charset=utf-8\">Je propose des <strong>programmes nutritionnels<\/strong> aussi bien pour une perte de poids que pour une prise de masse ou pour un r\u00e9\u00e9quilibrage alimentaire. Le but est de vous faire atteindre votre objectif en <strong>mangeant mieux<\/strong>, en mangeant les bonnes <strong>choses n\u00e9cessaires pour votre organisme<\/strong> et pour votre objectif dans des <strong>quantit\u00e9s adapt\u00e9es<\/strong>. <\/p>\n\n\n\n<p class=\"has-medium-font-size\">Biens\u00fbr, vous pouvez combiner votre programme alimentaire avec du <em>coaching sportif <\/em> pour atteindre au mieux votre objectif. L&rsquo;alimentation est la base ! Et le combo des 2 permet vraiment un <em>r\u00e9sultat optimal.<\/em><\/p>\n<\/div><\/div>\n<\/div>\n\n\n\n<div class=\"wp-block-column is-vertically-aligned-center is-layout-flow wp-block-column-is-layout-flow\" style=\"flex-basis:40%\">\n<figure class=\"wp-block-image size-large\"><img decoding=\"async\" src=\"https:\/\/florinesoikacoaching.fr\/coaching\/wp-content\/uploads\/2021\/12\/food-g1b3c44577_1920-1024x683.jpg\" alt=\"\"\/><\/figure>\n<\/div>\n<\/div>\n\n\n\n<div class=\"wp-block-columns are-vertically-aligned-center is-layout-flex wp-container-core-columns-is-layout-9d6595d7 wp-block-columns-is-layout-flex\">\n<div class=\"wp-block-column is-vertically-aligned-center is-layout-flow wp-block-column-is-layout-flow\" style=\"flex-basis:40%\">\n<figure class=\"wp-block-image size-large\"><img decoding=\"async\" src=\"https:\/\/florinesoikacoaching.fr\/coaching\/wp-content\/uploads\/2021\/12\/DSC05835-684x1024.jpg\" alt=\"\"\/><\/figure>\n<\/div>\n\n\n\n<div class=\"wp-block-column is-vertically-aligned-center is-layout-flow wp-block-column-is-layout-flow\" style=\"flex-basis:60%\">\n<h2 class=\"wp-block-heading\">Comment \u00e7a fonctionne ? Et pourquoi ?<\/h2>\n\n\n\n<p class=\"has-medium-font-size\">Apr\u00e8s un 1er contact, le <strong>bilan est offert<\/strong>. Il s&rsquo;agit de d\u00e9finir ensemble l&rsquo;objectif, les habitudes alimentaires, les allergies \u00e9ventuelles, les quantit\u00e9s actuelles, le mode de vie ect.. <\/p>\n\n\n\n<p class=\"has-medium-font-size\">Apr\u00e8s cette \u00e9tape, un <strong>planning des menus<\/strong> est envoy\u00e9 chaque semaine. Un <strong>suivi personnalis\u00e9<\/strong> est \u00e9galement mis en place : mensurations, pes\u00e9e chaque semaine le m\u00eame jour, afin de voir l&rsquo;\u00e9volution du client. Ce suivi se fait \u00e0 distance (par mail ou t\u00e9l\u00e9phone si besoin).<\/p>\n\n\n\n<p><\/p>\n\n\n\n<p class=\"has-medium-font-size\">Plusieurs forfaits sont disponibles selon l&rsquo;objectif souhait\u00e9 : <\/p>\n\n\n\n<ul class=\"has-medium-font-size wp-block-list\">\n<li><strong>Forfait 3 mois <\/strong><\/li>\n\n\n\n<li><strong>Forfait 6 mois <\/strong><\/li>\n\n\n\n<li><strong>Forfait 1 an<\/strong><\/li>\n<\/ul>\n\n\n\n<p class=\"has-medium-font-size\">Le premier forfait d\u00e9bute \u00e0 3 mois car le corps doit s&rsquo;habituer aux nouvelles fa\u00e7ons de manger, aux nouveaux aliments, aux nouvelles quantit\u00e9s. Les premiers changements ne sont visibles qu&rsquo;\u00e0 partir du premier mois. <\/p>\n<\/div>\n<\/div>\n\n\n\n<div class=\"wp-block-columns is-layout-flex wp-container-core-columns-is-layout-9d6595d7 wp-block-columns-is-layout-flex\">\n<div class=\"wp-block-column is-layout-flow wp-block-column-is-layout-flow\"><\/div>\n<\/div>\n\n\n\n<div class=\"wp-block-group\"><div class=\"wp-block-group__inner-container is-layout-flow wp-block-group-is-layout-flow\">\n<p class=\"has-text-align-center gml-hovergroup has-medium-font-size\"><\/p>\n<\/div><\/div>\n","protected":false},"excerpt":{"rendered":"<p>Je propose des programmes nutritionnels aussi bien pour une perte de poids que pour une prise de masse ou pour un r\u00e9\u00e9quilibrage alimentaire. Le but est de vous faire atteindre votre objectif en mangeant mieux, en mangeant les bonnes choses n\u00e9cessaires pour votre organisme et pour votre objectif dans des quantit\u00e9s adapt\u00e9es. Biens\u00fbr, vous pouvez <a class=\"more-link\" href=\"https:\/\/florinesoikacoaching.fr\/coaching\/index.php\/offres\/programmes-nutritionnels\/\">la suite&#8230; <i class=\"fa fa-chevron-right\"><\/i><\/a><\/p>\n","protected":false},"author":1,"featured_media":0,"parent":129,"menu_order":4,"comment_status":"closed","ping_status":"closed","template":"","meta":{"footnotes":""},"class_list":["post-617","page","type-page","status-publish","hentry"],"yoast_head":"<!-- This site is optimized with the Yoast SEO plugin v27.5 - https:\/\/yoast.com\/product\/yoast-seo-wordpress\/ -->\n<title>Programmes nutritionnels - FS Coaching<\/title>\n<meta name=\"description\" content=\"Je propose des programmes nutritionnels aussi bien pour une perte de poids que pour une prise de masse ou pour un r\u00e9\u00e9quilibrage alimentaire.\" \/>\n<meta name=\"robots\" content=\"index, follow, max-snippet:-1, max-image-preview:large, max-video-preview:-1\" \/>\n<link rel=\"canonical\" href=\"https:\/\/florinesoikacoaching.fr\/coaching\/index.php\/offres\/programmes-nutritionnels\/\" \/>\n<meta property=\"og:locale\" content=\"fr_FR\" \/>\n<meta property=\"og:type\" content=\"article\" \/>\n<meta property=\"og:title\" content=\"Programmes nutritionnels - FS Coaching\" \/>\n<meta property=\"og:description\" content=\"Je propose des programmes nutritionnels aussi bien pour une perte de poids que pour une prise de masse ou pour un r\u00e9\u00e9quilibrage alimentaire.\" \/>\n<meta property=\"og:url\" content=\"https:\/\/florinesoikacoaching.fr\/coaching\/index.php\/offres\/programmes-nutritionnels\/\" \/>\n<meta property=\"og:site_name\" content=\"FS Coaching\" \/>\n<meta property=\"article:publisher\" content=\"https:\/\/www.facebook.com\/profile.php?id=100075663504522\" \/>\n<meta property=\"article:modified_time\" content=\"2024-03-26T20:47:44+00:00\" \/>\n<meta property=\"og:image\" content=\"https:\/\/florinesoikacoaching.fr\/coaching\/wp-content\/uploads\/2021\/12\/food-g1b3c44577_1920-1024x683.jpg\" \/>\n<meta name=\"twitter:card\" content=\"summary_large_image\" \/>\n<meta name=\"twitter:label1\" content=\"Dur\u00e9e de lecture estim\u00e9e\" \/>\n\t<meta name=\"twitter:data1\" content=\"2 minutes\" \/>\n<script type=\"application\/ld+json\" class=\"yoast-schema-graph\">{\"@context\":\"https:\\\/\\\/schema.org\",\"@graph\":[{\"@type\":\"WebPage\",\"@id\":\"https:\\\/\\\/florinesoikacoaching.fr\\\/coaching\\\/index.php\\\/offres\\\/programmes-nutritionnels\\\/\",\"url\":\"https:\\\/\\\/florinesoikacoaching.fr\\\/coaching\\\/index.php\\\/offres\\\/programmes-nutritionnels\\\/\",\"name\":\"Programmes nutritionnels - FS Coaching\",\"isPartOf\":{\"@id\":\"https:\\\/\\\/florinesoikacoaching.fr\\\/coaching\\\/#website\"},\"primaryImageOfPage\":{\"@id\":\"https:\\\/\\\/florinesoikacoaching.fr\\\/coaching\\\/index.php\\\/offres\\\/programmes-nutritionnels\\\/#primaryimage\"},\"image\":{\"@id\":\"https:\\\/\\\/florinesoikacoaching.fr\\\/coaching\\\/index.php\\\/offres\\\/programmes-nutritionnels\\\/#primaryimage\"},\"thumbnailUrl\":\"https:\\\/\\\/florinesoikacoaching.fr\\\/coaching\\\/wp-content\\\/uploads\\\/2021\\\/12\\\/food-g1b3c44577_1920-1024x683.jpg\",\"datePublished\":\"2021-12-17T17:12:05+00:00\",\"dateModified\":\"2024-03-26T20:47:44+00:00\",\"description\":\"Je propose des programmes nutritionnels aussi bien pour une perte de poids que pour une prise de masse ou pour un r\u00e9\u00e9quilibrage alimentaire.\",\"breadcrumb\":{\"@id\":\"https:\\\/\\\/florinesoikacoaching.fr\\\/coaching\\\/index.php\\\/offres\\\/programmes-nutritionnels\\\/#breadcrumb\"},\"inLanguage\":\"fr-FR\",\"potentialAction\":[{\"@type\":\"ReadAction\",\"target\":[\"https:\\\/\\\/florinesoikacoaching.fr\\\/coaching\\\/index.php\\\/offres\\\/programmes-nutritionnels\\\/\"]}]},{\"@type\":\"ImageObject\",\"inLanguage\":\"fr-FR\",\"@id\":\"https:\\\/\\\/florinesoikacoaching.fr\\\/coaching\\\/index.php\\\/offres\\\/programmes-nutritionnels\\\/#primaryimage\",\"url\":\"https:\\\/\\\/florinesoikacoaching.fr\\\/coaching\\\/wp-content\\\/uploads\\\/2021\\\/12\\\/food-g1b3c44577_1920.jpg\",\"contentUrl\":\"https:\\\/\\\/florinesoikacoaching.fr\\\/coaching\\\/wp-content\\\/uploads\\\/2021\\\/12\\\/food-g1b3c44577_1920.jpg\",\"width\":1920,\"height\":1280},{\"@type\":\"BreadcrumbList\",\"@id\":\"https:\\\/\\\/florinesoikacoaching.fr\\\/coaching\\\/index.php\\\/offres\\\/programmes-nutritionnels\\\/#breadcrumb\",\"itemListElement\":[{\"@type\":\"ListItem\",\"position\":1,\"name\":\"Accueil\",\"item\":\"https:\\\/\\\/florinesoikacoaching.fr\\\/coaching\\\/\"},{\"@type\":\"ListItem\",\"position\":2,\"name\":\"Prestations\",\"item\":\"https:\\\/\\\/florinesoikacoaching.fr\\\/coaching\\\/index.php\\\/offres\\\/\"},{\"@type\":\"ListItem\",\"position\":3,\"name\":\"Programmes nutritionnels\"}]},{\"@type\":\"WebSite\",\"@id\":\"https:\\\/\\\/florinesoikacoaching.fr\\\/coaching\\\/#website\",\"url\":\"https:\\\/\\\/florinesoikacoaching.fr\\\/coaching\\\/\",\"name\":\"FS Coaching\",\"description\":\"Coaching Sportif Particuliers et entreprises \u00e0 Lille\",\"publisher\":{\"@id\":\"https:\\\/\\\/florinesoikacoaching.fr\\\/coaching\\\/#organization\"},\"potentialAction\":[{\"@type\":\"SearchAction\",\"target\":{\"@type\":\"EntryPoint\",\"urlTemplate\":\"https:\\\/\\\/florinesoikacoaching.fr\\\/coaching\\\/?s={search_term_string}\"},\"query-input\":{\"@type\":\"PropertyValueSpecification\",\"valueRequired\":true,\"valueName\":\"search_term_string\"}}],\"inLanguage\":\"fr-FR\"},{\"@type\":\"Organization\",\"@id\":\"https:\\\/\\\/florinesoikacoaching.fr\\\/coaching\\\/#organization\",\"name\":\"Florine Soika Coaching\",\"url\":\"https:\\\/\\\/florinesoikacoaching.fr\\\/coaching\\\/\",\"logo\":{\"@type\":\"ImageObject\",\"inLanguage\":\"fr-FR\",\"@id\":\"https:\\\/\\\/florinesoikacoaching.fr\\\/coaching\\\/#\\\/schema\\\/logo\\\/image\\\/\",\"url\":\"https:\\\/\\\/florinesoikacoaching.fr\\\/coaching\\\/wp-content\\\/uploads\\\/2022\\\/01\\\/LogoSFcouleur100.png\",\"contentUrl\":\"https:\\\/\\\/florinesoikacoaching.fr\\\/coaching\\\/wp-content\\\/uploads\\\/2022\\\/01\\\/LogoSFcouleur100.png\",\"width\":150,\"height\":150,\"caption\":\"Florine Soika Coaching\"},\"image\":{\"@id\":\"https:\\\/\\\/florinesoikacoaching.fr\\\/coaching\\\/#\\\/schema\\\/logo\\\/image\\\/\"},\"sameAs\":[\"https:\\\/\\\/www.facebook.com\\\/profile.php?id=100075663504522\",\"https:\\\/\\\/www.instagram.com\\\/florine_soika_coaching_\\\/\",\"https:\\\/\\\/fr.linkedin.com\\\/in\\\/florine-soika-248266a3\"]}]}<\/script>\n<!-- \/ Yoast SEO plugin. -->","yoast_head_json":{"title":"Programmes nutritionnels - FS Coaching","description":"Je propose des programmes nutritionnels aussi bien pour une perte de poids que pour une prise de masse ou pour un r\u00e9\u00e9quilibrage alimentaire.","robots":{"index":"index","follow":"follow","max-snippet":"max-snippet:-1","max-image-preview":"max-image-preview:large","max-video-preview":"max-video-preview:-1"},"canonical":"https:\/\/florinesoikacoaching.fr\/coaching\/index.php\/offres\/programmes-nutritionnels\/","og_locale":"fr_FR","og_type":"article","og_title":"Programmes nutritionnels - FS Coaching","og_description":"Je propose des programmes nutritionnels aussi bien pour une perte de poids que pour une prise de masse ou pour un r\u00e9\u00e9quilibrage alimentaire.","og_url":"https:\/\/florinesoikacoaching.fr\/coaching\/index.php\/offres\/programmes-nutritionnels\/","og_site_name":"FS Coaching","article_publisher":"https:\/\/www.facebook.com\/profile.php?id=100075663504522","article_modified_time":"2024-03-26T20:47:44+00:00","og_image":[{"url":"https:\/\/florinesoikacoaching.fr\/coaching\/wp-content\/uploads\/2021\/12\/food-g1b3c44577_1920-1024x683.jpg","type":"","width":"","height":""}],"twitter_card":"summary_large_image","twitter_misc":{"Dur\u00e9e de lecture estim\u00e9e":"2 minutes"},"schema":{"@context":"https:\/\/schema.org","@graph":[{"@type":"WebPage","@id":"https:\/\/florinesoikacoaching.fr\/coaching\/index.php\/offres\/programmes-nutritionnels\/","url":"https:\/\/florinesoikacoaching.fr\/coaching\/index.php\/offres\/programmes-nutritionnels\/","name":"Programmes nutritionnels - FS Coaching","isPartOf":{"@id":"https:\/\/florinesoikacoaching.fr\/coaching\/#website"},"primaryImageOfPage":{"@id":"https:\/\/florinesoikacoaching.fr\/coaching\/index.php\/offres\/programmes-nutritionnels\/#primaryimage"},"image":{"@id":"https:\/\/florinesoikacoaching.fr\/coaching\/index.php\/offres\/programmes-nutritionnels\/#primaryimage"},"thumbnailUrl":"https:\/\/florinesoikacoaching.fr\/coaching\/wp-content\/uploads\/2021\/12\/food-g1b3c44577_1920-1024x683.jpg","datePublished":"2021-12-17T17:12:05+00:00","dateModified":"2024-03-26T20:47:44+00:00","description":"Je propose des programmes nutritionnels aussi bien pour une perte de poids que pour une prise de masse ou pour un r\u00e9\u00e9quilibrage alimentaire.","breadcrumb":{"@id":"https:\/\/florinesoikacoaching.fr\/coaching\/index.php\/offres\/programmes-nutritionnels\/#breadcrumb"},"inLanguage":"fr-FR","potentialAction":[{"@type":"ReadAction","target":["https:\/\/florinesoikacoaching.fr\/coaching\/index.php\/offres\/programmes-nutritionnels\/"]}]},{"@type":"ImageObject","inLanguage":"fr-FR","@id":"https:\/\/florinesoikacoaching.fr\/coaching\/index.php\/offres\/programmes-nutritionnels\/#primaryimage","url":"https:\/\/florinesoikacoaching.fr\/coaching\/wp-content\/uploads\/2021\/12\/food-g1b3c44577_1920.jpg","contentUrl":"https:\/\/florinesoikacoaching.fr\/coaching\/wp-content\/uploads\/2021\/12\/food-g1b3c44577_1920.jpg","width":1920,"height":1280},{"@type":"BreadcrumbList","@id":"https:\/\/florinesoikacoaching.fr\/coaching\/index.php\/offres\/programmes-nutritionnels\/#breadcrumb","itemListElement":[{"@type":"ListItem","position":1,"name":"Accueil","item":"https:\/\/florinesoikacoaching.fr\/coaching\/"},{"@type":"ListItem","position":2,"name":"Prestations","item":"https:\/\/florinesoikacoaching.fr\/coaching\/index.php\/offres\/"},{"@type":"ListItem","position":3,"name":"Programmes nutritionnels"}]},{"@type":"WebSite","@id":"https:\/\/florinesoikacoaching.fr\/coaching\/#website","url":"https:\/\/florinesoikacoaching.fr\/coaching\/","name":"FS Coaching","description":"Coaching Sportif Particuliers et entreprises \u00e0 Lille","publisher":{"@id":"https:\/\/florinesoikacoaching.fr\/coaching\/#organization"},"potentialAction":[{"@type":"SearchAction","target":{"@type":"EntryPoint","urlTemplate":"https:\/\/florinesoikacoaching.fr\/coaching\/?s={search_term_string}"},"query-input":{"@type":"PropertyValueSpecification","valueRequired":true,"valueName":"search_term_string"}}],"inLanguage":"fr-FR"},{"@type":"Organization","@id":"https:\/\/florinesoikacoaching.fr\/coaching\/#organization","name":"Florine Soika Coaching","url":"https:\/\/florinesoikacoaching.fr\/coaching\/","logo":{"@type":"ImageObject","inLanguage":"fr-FR","@id":"https:\/\/florinesoikacoaching.fr\/coaching\/#\/schema\/logo\/image\/","url":"https:\/\/florinesoikacoaching.fr\/coaching\/wp-content\/uploads\/2022\/01\/LogoSFcouleur100.png","contentUrl":"https:\/\/florinesoikacoaching.fr\/coaching\/wp-content\/uploads\/2022\/01\/LogoSFcouleur100.png","width":150,"height":150,"caption":"Florine Soika Coaching"},"image":{"@id":"https:\/\/florinesoikacoaching.fr\/coaching\/#\/schema\/logo\/image\/"},"sameAs":["https:\/\/www.facebook.com\/profile.php?id=100075663504522","https:\/\/www.instagram.com\/florine_soika_coaching_\/","https:\/\/fr.linkedin.com\/in\/florine-soika-248266a3"]}]}},"_links":{"self":[{"href":"https:\/\/florinesoikacoaching.fr\/coaching\/index.php\/wp-json\/wp\/v2\/pages\/617","targetHints":{"allow":["GET"]}}],"collection":[{"href":"https:\/\/florinesoikacoaching.fr\/coaching\/index.php\/wp-json\/wp\/v2\/pages"}],"about":[{"href":"https:\/\/florinesoikacoaching.fr\/coaching\/index.php\/wp-json\/wp\/v2\/types\/page"}],"author":[{"embeddable":true,"href":"https:\/\/florinesoikacoaching.fr\/coaching\/index.php\/wp-json\/wp\/v2\/users\/1"}],"replies":[{"embeddable":true,"href":"https:\/\/florinesoikacoaching.fr\/coaching\/index.php\/wp-json\/wp\/v2\/comments?post=617"}],"version-history":[{"count":37,"href":"https:\/\/florinesoikacoaching.fr\/coaching\/index.php\/wp-json\/wp\/v2\/pages\/617\/revisions"}],"predecessor-version":[{"id":1332,"href":"https:\/\/florinesoikacoaching.fr\/coaching\/index.php\/wp-json\/wp\/v2\/pages\/617\/revisions\/1332"}],"up":[{"embeddable":true,"href":"https:\/\/florinesoikacoaching.fr\/coaching\/index.php\/wp-json\/wp\/v2\/pages\/129"}],"wp:attachment":[{"href":"https:\/\/florinesoikacoaching.fr\/coaching\/index.php\/wp-json\/wp\/v2\/media?parent=617"}],"curies":[{"name":"wp","href":"https:\/\/api.w.org\/{rel}","templated":true}]}}